{"id":523,"date":"2023-12-06T17:22:02","date_gmt":"2023-12-06T17:22:02","guid":{"rendered":"https:\/\/impactoart.com.br\/?page_id=523"},"modified":"2023-12-06T17:24:36","modified_gmt":"2023-12-06T17:24:36","slug":"displays","status":"publish","type":"page","link":"https:\/\/impactoart.com.br\/index.php\/displays\/","title":{"rendered":"Displays"},"content":{"rendered":"\t\t<div data-elementor-type=\"wp-post\" data-elementor-id=\"523\" class=\"elementor elementor-523\">\n\t\t\t\t<div class=\"elementor-element elementor-element-bff3b9e e-flex e-con-boxed e-con e-parent\" data-id=\"bff3b9e\" data-element_type=\"container\" data-settings=\"{&quot;background_background&quot;:&quot;classic&quot;}\">\n\t\t\t\t\t<div class=\"e-con-inner\">\n\t\t\t\t<div class=\"elementor-element elementor-element-8ad88d7 elementor-widget elementor-widget-heading\" data-id=\"8ad88d7\" data-element_type=\"widget\" data-widget_type=\"heading.default\">\n\t\t\t\t<div class=\"elementor-widget-container\">\n\t\t\t\t\t<h2 class=\"elementor-heading-title elementor-size-default\"><a href=\"https:\/\/impactoart.com.br\/\">Home<\/a><\/h2>\t\t\t\t<\/div>\n\t\t\t\t<\/div>\n\t\t\t\t<div class=\"elementor-element elementor-element-0c5a192 elementor-widget elementor-widget-heading\" data-id=\"0c5a192\" data-element_type=\"widget\" data-widget_type=\"heading.default\">\n\t\t\t\t<div class=\"elementor-widget-container\">\n\t\t\t\t\t<h2 class=\"elementor-heading-title elementor-size-default\">\/<\/h2>\t\t\t\t<\/div>\n\t\t\t\t<\/div>\n\t\t\t\t<div class=\"elementor-element elementor-element-6f1dc73 elementor-widget elementor-widget-heading\" data-id=\"6f1dc73\" data-element_type=\"widget\" data-widget_type=\"heading.default\">\n\t\t\t\t<div class=\"elementor-widget-container\">\n\t\t\t\t\t<h2 class=\"elementor-heading-title elementor-size-default\">Servi\u00e7os<\/h2>\t\t\t\t<\/div>\n\t\t\t\t<\/div>\n\t\t\t\t<div class=\"elementor-element elementor-element-2e220b1 elementor-widget elementor-widget-heading\" data-id=\"2e220b1\" data-element_type=\"widget\" data-widget_type=\"heading.default\">\n\t\t\t\t<div class=\"elementor-widget-container\">\n\t\t\t\t\t<h2 class=\"elementor-heading-title elementor-size-default\">\/<\/h2>\t\t\t\t<\/div>\n\t\t\t\t<\/div>\n\t\t\t\t<div class=\"elementor-element elementor-element-772f2d6 elementor-widget elementor-widget-heading\" data-id=\"772f2d6\" data-element_type=\"widget\" data-widget_type=\"heading.default\">\n\t\t\t\t<div class=\"elementor-widget-container\">\n\t\t\t\t\t<h2 class=\"elementor-heading-title elementor-size-default\"><a href=\"https:\/\/impactoart.com.br\/index.php\/displays\/\">Displays<\/a><\/h2>\t\t\t\t<\/div>\n\t\t\t\t<\/div>\n\t\t\t\t\t<\/div>\n\t\t\t\t<\/div>\n\t\t<div class=\"elementor-element elementor-element-43bc33c e-flex e-con-boxed e-con e-parent\" data-id=\"43bc33c\" data-element_type=\"container\">\n\t\t\t\t\t<div class=\"e-con-inner\">\n\t\t<div class=\"elementor-element elementor-element-e760100 e-con-full e-flex e-con e-child\" data-id=\"e760100\" data-element_type=\"container\">\n\t\t\t\t<div class=\"elementor-element elementor-element-88fe760 elementor-widget elementor-widget-heading\" data-id=\"88fe760\" data-element_type=\"widget\" data-widget_type=\"heading.default\">\n\t\t\t\t<div class=\"elementor-widget-container\">\n\t\t\t\t\t<h2 class=\"elementor-heading-title elementor-size-default\">Displays Profissionais<\/h2>\t\t\t\t<\/div>\n\t\t\t\t<\/div>\n\t\t\t\t<div class=\"elementor-element elementor-element-b3c0b1a elementor-widget elementor-widget-text-editor\" data-id=\"b3c0b1a\" data-element_type=\"widget\" data-widget_type=\"text-editor.default\">\n\t\t\t\t<div class=\"elementor-widget-container\">\n\t\t\t\t\t\t\t\t\t<p>A excel\u00eancia se encontra com a eleg\u00e2ncia em nosso servi\u00e7o de Displays em Acr\u00edlico. Elevamos a arte de premiar e reconhecer conquistas, oferecendo designs exclusivos de trof\u00e9us e displays que capturam a ess\u00eancia de suas realiza\u00e7\u00f5es. Com maestria na manipula\u00e7\u00e3o do acr\u00edlico, nossa equipe de artes\u00e3os habilidosos transforma ideias em pe\u00e7as impressionantes que refletem a qualidade e o prest\u00edgio de suas conquistas. Seja para premia\u00e7\u00f5es corporativas, eventos esportivos ou homenagens especiais, nossos displays em acr\u00edlico destacam-se pela sua beleza e sofistica\u00e7\u00e3o. Comprometidos com a personaliza\u00e7\u00e3o, oferecemos solu\u00e7\u00f5es \u00fanicas que se alinham \u00e0 sua vis\u00e3o e celebram o extraordin\u00e1rio. Escolha Impacto Art para garantir que suas conquistas sejam imortalizadas em pe\u00e7as magn\u00edficas, refletindo o valor incompar\u00e1vel de suas realiza\u00e7\u00f5es. Entre em contato conosco e deixe-nos criar um display em acr\u00edlico que seja verdadeiramente digno das suas vit\u00f3rias.<\/p>\t\t\t\t\t\t\t\t<\/div>\n\t\t\t\t<\/div>\n\t\t\t\t<\/div>\n\t\t\t\t\t<\/div>\n\t\t\t\t<\/div>\n\t\t<div class=\"elementor-element elementor-element-c08681e e-flex e-con-boxed e-con e-parent\" data-id=\"c08681e\" data-element_type=\"container\">\n\t\t\t\t\t<div class=\"e-con-inner\">\n\t\t\t\t<div class=\"elementor-element elementor-element-942a63a elementor-widget elementor-widget-spacer\" data-id=\"942a63a\" data-element_type=\"widget\" data-widget_type=\"spacer.default\">\n\t\t\t\t<div class=\"elementor-widget-container\">\n\t\t\t\t\t\t\t<div class=\"elementor-spacer\">\n\t\t\t<div class=\"elementor-spacer-inner\"><\/div>\n\t\t<\/div>\n\t\t\t\t\t\t<\/div>\n\t\t\t\t<\/div>\n\t\t\t\t\t<\/div>\n\t\t\t\t<\/div>\n\t\t<div class=\"elementor-element elementor-element-7b6633c e-flex e-con-boxed e-con e-parent\" data-id=\"7b6633c\" data-element_type=\"container\">\n\t\t\t\t\t<div class=\"e-con-inner\">\n\t\t\t\t<div class=\"elementor-element elementor-element-087a64f elementor-widget elementor-widget-gallery\" data-id=\"087a64f\" data-element_type=\"widget\" data-settings=\"{&quot;gallery_layout&quot;:&quot;masonry&quot;,&quot;lazyload&quot;:&quot;yes&quot;,&quot;columns&quot;:4,&quot;columns_tablet&quot;:2,&quot;columns_mobile&quot;:1,&quot;gap&quot;:{&quot;unit&quot;:&quot;px&quot;,&quot;size&quot;:10,&quot;sizes&quot;:[]},&quot;gap_tablet&quot;:{&quot;unit&quot;:&quot;px&quot;,&quot;size&quot;:10,&quot;sizes&quot;:[]},&quot;gap_mobile&quot;:{&quot;unit&quot;:&quot;px&quot;,&quot;size&quot;:10,&quot;sizes&quot;:[]},&quot;link_to&quot;:&quot;file&quot;,&quot;overlay_background&quot;:&quot;yes&quot;,&quot;content_hover_animation&quot;:&quot;fade-in&quot;}\" data-widget_type=\"gallery.default\">\n\t\t\t\t<div class=\"elementor-widget-container\">\n\t\t\t\t\t\t\t<div class=\"elementor-gallery__container\">\n\t\t\t\t\t\t\t<a class=\"e-gallery-item elementor-gallery-item elementor-animated-content\" href=\"https:\/\/impactoart.com.br\/wp-content\/uploads\/2023\/12\/WhatsApp-Image-2023-12-01-at-16.53.21-4.jpeg\" data-elementor-open-lightbox=\"yes\" data-elementor-lightbox-slideshow=\"all-087a64f\" data-elementor-lightbox-title=\"WhatsApp Image 2023-12-01 at 16.53.21 (4)\" data-e-action-hash=\"#elementor-action%3Aaction%3Dlightbox%26settings%3DeyJpZCI6NTMxLCJ1cmwiOiJodHRwczpcL1wvaW1wYWN0b2FydC5jb20uYnJcL3dwLWNvbnRlbnRcL3VwbG9hZHNcLzIwMjNcLzEyXC9XaGF0c0FwcC1JbWFnZS0yMDIzLTEyLTAxLWF0LTE2LjUzLjIxLTQuanBlZyIsInNsaWRlc2hvdyI6ImFsbC0wODdhNjRmIn0%3D\">\n\t\t\t\t\t<div class=\"e-gallery-image elementor-gallery-item__image\" data-thumbnail=\"https:\/\/impactoart.com.br\/wp-content\/uploads\/2023\/12\/WhatsApp-Image-2023-12-01-at-16.53.21-4-285x300.jpeg\" data-width=\"285\" data-height=\"300\" aria-label=\"\" role=\"img\" ><\/div>\n\t\t\t\t\t\t\t\t\t\t\t<div class=\"elementor-gallery-item__overlay\"><\/div>\n\t\t\t\t\t\t\t\t\t\t\t\t\t\t<\/a>\n\t\t\t\t\t\t\t<a class=\"e-gallery-item elementor-gallery-item elementor-animated-content\" href=\"https:\/\/impactoart.com.br\/wp-content\/uploads\/2023\/12\/WhatsApp-Image-2023-12-01-at-16.35.51-3.jpeg\" data-elementor-open-lightbox=\"yes\" data-elementor-lightbox-slideshow=\"all-087a64f\" data-elementor-lightbox-title=\"WhatsApp Image 2023-12-01 at 16.35.51 (3)\" data-e-action-hash=\"#elementor-action%3Aaction%3Dlightbox%26settings%3DeyJpZCI6NTMyLCJ1cmwiOiJodHRwczpcL1wvaW1wYWN0b2FydC5jb20uYnJcL3dwLWNvbnRlbnRcL3VwbG9hZHNcLzIwMjNcLzEyXC9XaGF0c0FwcC1JbWFnZS0yMDIzLTEyLTAxLWF0LTE2LjM1LjUxLTMuanBlZyIsInNsaWRlc2hvdyI6ImFsbC0wODdhNjRmIn0%3D\">\n\t\t\t\t\t<div class=\"e-gallery-image elementor-gallery-item__image\" data-thumbnail=\"https:\/\/impactoart.com.br\/wp-content\/uploads\/2023\/12\/WhatsApp-Image-2023-12-01-at-16.35.51-3-243x300.jpeg\" data-width=\"243\" data-height=\"300\" aria-label=\"\" role=\"img\" ><\/div>\n\t\t\t\t\t\t\t\t\t\t\t<div class=\"elementor-gallery-item__overlay\"><\/div>\n\t\t\t\t\t\t\t\t\t\t\t\t\t\t<\/a>\n\t\t\t\t\t<\/div>\n\t\t\t\t\t<\/div>\n\t\t\t\t<\/div>\n\t\t\t\t\t<\/div>\n\t\t\t\t<\/div>\n\t\t<div class=\"elementor-element elementor-element-0c7f221 e-flex e-con-boxed e-con e-parent\" data-id=\"0c7f221\" data-element_type=\"container\">\n\t\t\t\t\t<div class=\"e-con-inner\">\n\t\t\t\t<div class=\"elementor-element elementor-element-966b856 elementor-widget elementor-widget-spacer\" data-id=\"966b856\" data-element_type=\"widget\" data-widget_type=\"spacer.default\">\n\t\t\t\t<div class=\"elementor-widget-container\">\n\t\t\t\t\t\t\t<div class=\"elementor-spacer\">\n\t\t\t<div class=\"elementor-spacer-inner\"><\/div>\n\t\t<\/div>\n\t\t\t\t\t\t<\/div>\n\t\t\t\t<\/div>\n\t\t\t\t\t<\/div>\n\t\t\t\t<\/div>\n\t\t<div class=\"elementor-element elementor-element-a59e26f e-flex e-con-boxed e-con e-parent\" data-id=\"a59e26f\" data-element_type=\"container\">\n\t\t\t\t\t<div class=\"e-con-inner\">\n\t\t\t\t<div class=\"elementor-element elementor-element-6720aaf elementor-widget elementor-widget-spacer\" data-id=\"6720aaf\" data-element_type=\"widget\" data-widget_type=\"spacer.default\">\n\t\t\t\t<div class=\"elementor-widget-container\">\n\t\t\t\t\t\t\t<div class=\"elementor-spacer\">\n\t\t\t<div class=\"elementor-spacer-inner\"><\/div>\n\t\t<\/div>\n\t\t\t\t\t\t<\/div>\n\t\t\t\t<\/div>\n\t\t\t\t\t<\/div>\n\t\t\t\t<\/div>\n\t\t\t\t<\/div>\n\t\t","protected":false},"excerpt":{"rendered":"<p>Home \/ Servi\u00e7os \/ Displays Displays Profissionais A excel\u00eancia se encontra com a eleg\u00e2ncia em nosso servi\u00e7o de Displays em Acr\u00edlico. Elevamos a arte de premiar e reconhecer conquistas, oferecendo designs exclusivos de trof\u00e9us e displays que capturam a ess\u00eancia de suas realiza\u00e7\u00f5es. Com maestria na manipula\u00e7\u00e3o do acr\u00edlico, nossa equipe de artes\u00e3os habilidosos transforma&hellip;&nbsp;<a href=\"https:\/\/impactoart.com.br\/index.php\/displays\/\" rel=\"bookmark\"><span class=\"screen-reader-text\">Displays<\/span><\/a><\/p>\n","protected":false},"author":1,"featured_media":0,"parent":0,"menu_order":0,"comment_status":"closed","ping_status":"closed","template":"page-templates\/template-pagebuilder-full-width.php","meta":{"neve_meta_sidebar":"","neve_meta_container":"","neve_meta_enable_content_width":"","neve_meta_content_width":0,"neve_meta_title_alignment":"","neve_meta_author_avatar":"","neve_post_elements_order":"","neve_meta_disable_header":"","neve_meta_disable_footer":"","neve_meta_disable_title":"","_joinchat":[],"footnotes":""},"class_list":["post-523","page","type-page","status-publish","hentry"],"_links":{"self":[{"href":"https:\/\/impactoart.com.br\/index.php\/wp-json\/wp\/v2\/pages\/523","targetHints":{"allow":["GET"]}}],"collection":[{"href":"https:\/\/impactoart.com.br\/index.php\/wp-json\/wp\/v2\/pages"}],"about":[{"href":"https:\/\/impactoart.com.br\/index.php\/wp-json\/wp\/v2\/types\/page"}],"author":[{"embeddable":true,"href":"https:\/\/impactoart.com.br\/index.php\/wp-json\/wp\/v2\/users\/1"}],"replies":[{"embeddable":true,"href":"https:\/\/impactoart.com.br\/index.php\/wp-json\/wp\/v2\/comments?post=523"}],"version-history":[{"count":11,"href":"https:\/\/impactoart.com.br\/index.php\/wp-json\/wp\/v2\/pages\/523\/revisions"}],"predecessor-version":[{"id":587,"href":"https:\/\/impactoart.com.br\/index.php\/wp-json\/wp\/v2\/pages\/523\/revisions\/587"}],"wp:attachment":[{"href":"https:\/\/impactoart.com.br\/index.php\/wp-json\/wp\/v2\/media?parent=523"}],"curies":[{"name":"wp","href":"https:\/\/api.w.org\/{rel}","templated":true}]}}