{"id":500,"date":"2023-12-06T17:17:07","date_gmt":"2023-12-06T17:17:07","guid":{"rendered":"https:\/\/impactoart.com.br\/?page_id=500"},"modified":"2023-12-18T17:13:22","modified_gmt":"2023-12-18T17:13:22","slug":"comunicacao-para-eventos","status":"publish","type":"page","link":"https:\/\/impactoart.com.br\/index.php\/comunicacao-para-eventos\/","title":{"rendered":"Eventos"},"content":{"rendered":"\t\t<div data-elementor-type=\"wp-post\" data-elementor-id=\"500\" class=\"elementor elementor-500\">\n\t\t\t\t<div class=\"elementor-element elementor-element-bff3b9e e-flex e-con-boxed e-con e-parent\" data-id=\"bff3b9e\" data-element_type=\"container\" data-settings=\"{&quot;background_background&quot;:&quot;classic&quot;}\">\n\t\t\t\t\t<div class=\"e-con-inner\">\n\t\t\t\t<div class=\"elementor-element elementor-element-8ad88d7 elementor-widget elementor-widget-heading\" data-id=\"8ad88d7\" data-element_type=\"widget\" data-widget_type=\"heading.default\">\n\t\t\t\t<div class=\"elementor-widget-container\">\n\t\t\t\t\t<h2 class=\"elementor-heading-title elementor-size-default\"><a href=\"https:\/\/impactoart.com.br\/\">Home<\/a><\/h2>\t\t\t\t<\/div>\n\t\t\t\t<\/div>\n\t\t\t\t<div class=\"elementor-element elementor-element-0c5a192 elementor-widget elementor-widget-heading\" data-id=\"0c5a192\" data-element_type=\"widget\" data-widget_type=\"heading.default\">\n\t\t\t\t<div class=\"elementor-widget-container\">\n\t\t\t\t\t<h2 class=\"elementor-heading-title elementor-size-default\">\/<\/h2>\t\t\t\t<\/div>\n\t\t\t\t<\/div>\n\t\t\t\t<div class=\"elementor-element elementor-element-6f1dc73 elementor-widget elementor-widget-heading\" data-id=\"6f1dc73\" data-element_type=\"widget\" data-widget_type=\"heading.default\">\n\t\t\t\t<div class=\"elementor-widget-container\">\n\t\t\t\t\t<h2 class=\"elementor-heading-title elementor-size-default\">Servi\u00e7os<\/h2>\t\t\t\t<\/div>\n\t\t\t\t<\/div>\n\t\t\t\t<div class=\"elementor-element elementor-element-2e220b1 elementor-widget elementor-widget-heading\" data-id=\"2e220b1\" data-element_type=\"widget\" data-widget_type=\"heading.default\">\n\t\t\t\t<div class=\"elementor-widget-container\">\n\t\t\t\t\t<h2 class=\"elementor-heading-title elementor-size-default\">\/<\/h2>\t\t\t\t<\/div>\n\t\t\t\t<\/div>\n\t\t\t\t<div class=\"elementor-element elementor-element-772f2d6 elementor-widget elementor-widget-heading\" data-id=\"772f2d6\" data-element_type=\"widget\" data-widget_type=\"heading.default\">\n\t\t\t\t<div class=\"elementor-widget-container\">\n\t\t\t\t\t<h2 class=\"elementor-heading-title elementor-size-default\"><a href=\"https:\/\/impactoart.com.br\/index.php\/stands-inteiros\/\">Eventos<\/a><\/h2>\t\t\t\t<\/div>\n\t\t\t\t<\/div>\n\t\t\t\t\t<\/div>\n\t\t\t\t<\/div>\n\t\t<div class=\"elementor-element elementor-element-43bc33c e-flex e-con-boxed e-con e-parent\" data-id=\"43bc33c\" data-element_type=\"container\">\n\t\t\t\t\t<div class=\"e-con-inner\">\n\t\t<div class=\"elementor-element elementor-element-e760100 e-con-full e-flex e-con e-child\" data-id=\"e760100\" data-element_type=\"container\">\n\t\t\t\t<div class=\"elementor-element elementor-element-88fe760 elementor-widget elementor-widget-heading\" data-id=\"88fe760\" data-element_type=\"widget\" data-widget_type=\"heading.default\">\n\t\t\t\t<div class=\"elementor-widget-container\">\n\t\t\t\t\t<h2 class=\"elementor-heading-title elementor-size-default\">Comunica\u00e7\u00e3o para Feiras e Exposi\u00e7\u00f5es.<\/h2>\t\t\t\t<\/div>\n\t\t\t\t<\/div>\n\t\t\t\t<div class=\"elementor-element elementor-element-b3c0b1a elementor-widget elementor-widget-text-editor\" data-id=\"b3c0b1a\" data-element_type=\"widget\" data-widget_type=\"text-editor.default\">\n\t\t\t\t<div class=\"elementor-widget-container\">\n\t\t\t\t\t\t\t\t\t<p>Bem-vindo \u00e0 Impacto Art, sua parceira em criar experi\u00eancias excepcionais para eventos inesquec\u00edveis! Com nosso servi\u00e7o de Comunica\u00e7\u00e3o para Eventos, oferecemos designs personalizados que refletem a identidade \u00fanica da sua marca. Comprometidos com inova\u00e7\u00e3o e tecnologia, utilizamos materiais de alta qualidade e solu\u00e7\u00f5es avan\u00e7adas para envolver seu p\u00fablico. Nossa equipe se dedica a garantir uma experi\u00eancia perfeita para o cliente, cuidando de todos os detalhes, desde a concep\u00e7\u00e3o at\u00e9 a instala\u00e7\u00e3o. Priorizamos pr\u00e1ticas sustent\u00e1veis, adaptamo-nos a diferentes espa\u00e7os e eventos, e estamos sempre focados em resultados mensur\u00e1veis. Escolher a Impacto Art significa escolher uma parceria comprometida em transformar seus eventos em experi\u00eancias memor\u00e1veis e bem-sucedidas. Entre em contato conosco hoje para come\u00e7armos a criar um stand que destaque sua marca em grande estilo!<\/p>\t\t\t\t\t\t\t\t<\/div>\n\t\t\t\t<\/div>\n\t\t\t\t<\/div>\n\t\t\t\t\t<\/div>\n\t\t\t\t<\/div>\n\t\t<div class=\"elementor-element elementor-element-c08681e e-flex e-con-boxed e-con e-parent\" data-id=\"c08681e\" data-element_type=\"container\">\n\t\t\t\t\t<div class=\"e-con-inner\">\n\t\t\t\t<div class=\"elementor-element elementor-element-942a63a elementor-widget elementor-widget-spacer\" data-id=\"942a63a\" data-element_type=\"widget\" data-widget_type=\"spacer.default\">\n\t\t\t\t<div class=\"elementor-widget-container\">\n\t\t\t\t\t\t\t<div class=\"elementor-spacer\">\n\t\t\t<div class=\"elementor-spacer-inner\"><\/div>\n\t\t<\/div>\n\t\t\t\t\t\t<\/div>\n\t\t\t\t<\/div>\n\t\t\t\t\t<\/div>\n\t\t\t\t<\/div>\n\t\t<div class=\"elementor-element elementor-element-7b6633c e-flex e-con-boxed e-con e-parent\" data-id=\"7b6633c\" data-element_type=\"container\">\n\t\t\t\t\t<div class=\"e-con-inner\">\n\t\t\t\t<div class=\"elementor-element elementor-element-087a64f elementor-widget elementor-widget-gallery\" data-id=\"087a64f\" data-element_type=\"widget\" data-settings=\"{&quot;gallery_layout&quot;:&quot;masonry&quot;,&quot;columns&quot;:5,&quot;lazyload&quot;:&quot;yes&quot;,&quot;columns_tablet&quot;:2,&quot;columns_mobile&quot;:1,&quot;gap&quot;:{&quot;unit&quot;:&quot;px&quot;,&quot;size&quot;:10,&quot;sizes&quot;:[]},&quot;gap_tablet&quot;:{&quot;unit&quot;:&quot;px&quot;,&quot;size&quot;:10,&quot;sizes&quot;:[]},&quot;gap_mobile&quot;:{&quot;unit&quot;:&quot;px&quot;,&quot;size&quot;:10,&quot;sizes&quot;:[]},&quot;link_to&quot;:&quot;file&quot;,&quot;overlay_background&quot;:&quot;yes&quot;,&quot;content_hover_animation&quot;:&quot;fade-in&quot;}\" data-widget_type=\"gallery.default\">\n\t\t\t\t<div class=\"elementor-widget-container\">\n\t\t\t\t\t\t\t<div class=\"elementor-gallery__container\">\n\t\t\t\t\t\t\t<a class=\"e-gallery-item elementor-gallery-item elementor-animated-content\" href=\"https:\/\/impactoart.com.br\/wp-content\/uploads\/2023\/12\/WhatsApp-Image-2023-12-01-at-16.35.48-1.jpeg\" data-elementor-open-lightbox=\"yes\" data-elementor-lightbox-slideshow=\"all-087a64f\" data-elementor-lightbox-title=\"WhatsApp Image 2023-12-01 at 16.35.48 (1)\" data-e-action-hash=\"#elementor-action%3Aaction%3Dlightbox%26settings%3DeyJpZCI6NTA4LCJ1cmwiOiJodHRwczpcL1wvaW1wYWN0b2FydC5jb20uYnJcL3dwLWNvbnRlbnRcL3VwbG9hZHNcLzIwMjNcLzEyXC9XaGF0c0FwcC1JbWFnZS0yMDIzLTEyLTAxLWF0LTE2LjM1LjQ4LTEuanBlZyIsInNsaWRlc2hvdyI6ImFsbC0wODdhNjRmIn0%3D\">\n\t\t\t\t\t<div class=\"e-gallery-image elementor-gallery-item__image\" data-thumbnail=\"https:\/\/impactoart.com.br\/wp-content\/uploads\/2023\/12\/WhatsApp-Image-2023-12-01-at-16.35.48-1-300x217.jpeg\" data-width=\"300\" data-height=\"217\" aria-label=\"\" role=\"img\" ><\/div>\n\t\t\t\t\t\t\t\t\t\t\t<div class=\"elementor-gallery-item__overlay\"><\/div>\n\t\t\t\t\t\t\t\t\t\t\t\t\t\t<\/a>\n\t\t\t\t\t\t\t<a class=\"e-gallery-item elementor-gallery-item elementor-animated-content\" href=\"https:\/\/impactoart.com.br\/wp-content\/uploads\/2023\/12\/WhatsApp-Image-2023-12-01-at-16.35.48.jpeg\" data-elementor-open-lightbox=\"yes\" data-elementor-lightbox-slideshow=\"all-087a64f\" data-elementor-lightbox-title=\"WhatsApp Image 2023-12-01 at 16.35.48\" data-e-action-hash=\"#elementor-action%3Aaction%3Dlightbox%26settings%3DeyJpZCI6NTA5LCJ1cmwiOiJodHRwczpcL1wvaW1wYWN0b2FydC5jb20uYnJcL3dwLWNvbnRlbnRcL3VwbG9hZHNcLzIwMjNcLzEyXC9XaGF0c0FwcC1JbWFnZS0yMDIzLTEyLTAxLWF0LTE2LjM1LjQ4LmpwZWciLCJzbGlkZXNob3ciOiJhbGwtMDg3YTY0ZiJ9\">\n\t\t\t\t\t<div class=\"e-gallery-image elementor-gallery-item__image\" data-thumbnail=\"https:\/\/impactoart.com.br\/wp-content\/uploads\/2023\/12\/WhatsApp-Image-2023-12-01-at-16.35.48-163x300.jpeg\" data-width=\"163\" data-height=\"300\" aria-label=\"\" role=\"img\" ><\/div>\n\t\t\t\t\t\t\t\t\t\t\t<div class=\"elementor-gallery-item__overlay\"><\/div>\n\t\t\t\t\t\t\t\t\t\t\t\t\t\t<\/a>\n\t\t\t\t\t\t\t<a class=\"e-gallery-item elementor-gallery-item elementor-animated-content\" href=\"https:\/\/impactoart.com.br\/wp-content\/uploads\/2023\/12\/WhatsApp-Image-2023-12-01-at-16.35.49-4.jpeg\" data-elementor-open-lightbox=\"yes\" data-elementor-lightbox-slideshow=\"all-087a64f\" data-elementor-lightbox-title=\"WhatsApp Image 2023-12-01 at 16.35.49 (4)\" data-e-action-hash=\"#elementor-action%3Aaction%3Dlightbox%26settings%3DeyJpZCI6NTEwLCJ1cmwiOiJodHRwczpcL1wvaW1wYWN0b2FydC5jb20uYnJcL3dwLWNvbnRlbnRcL3VwbG9hZHNcLzIwMjNcLzEyXC9XaGF0c0FwcC1JbWFnZS0yMDIzLTEyLTAxLWF0LTE2LjM1LjQ5LTQuanBlZyIsInNsaWRlc2hvdyI6ImFsbC0wODdhNjRmIn0%3D\">\n\t\t\t\t\t<div class=\"e-gallery-image elementor-gallery-item__image\" data-thumbnail=\"https:\/\/impactoart.com.br\/wp-content\/uploads\/2023\/12\/WhatsApp-Image-2023-12-01-at-16.35.49-4-204x300.jpeg\" data-width=\"204\" data-height=\"300\" aria-label=\"\" role=\"img\" ><\/div>\n\t\t\t\t\t\t\t\t\t\t\t<div class=\"elementor-gallery-item__overlay\"><\/div>\n\t\t\t\t\t\t\t\t\t\t\t\t\t\t<\/a>\n\t\t\t\t\t\t\t<a class=\"e-gallery-item elementor-gallery-item elementor-animated-content\" href=\"https:\/\/impactoart.com.br\/wp-content\/uploads\/2023\/12\/WhatsApp-Image-2023-12-01-at-16.35.49-5.jpeg\" data-elementor-open-lightbox=\"yes\" data-elementor-lightbox-slideshow=\"all-087a64f\" data-elementor-lightbox-title=\"WhatsApp Image 2023-12-01 at 16.35.49 (5)\" data-e-action-hash=\"#elementor-action%3Aaction%3Dlightbox%26settings%3DeyJpZCI6NTExLCJ1cmwiOiJodHRwczpcL1wvaW1wYWN0b2FydC5jb20uYnJcL3dwLWNvbnRlbnRcL3VwbG9hZHNcLzIwMjNcLzEyXC9XaGF0c0FwcC1JbWFnZS0yMDIzLTEyLTAxLWF0LTE2LjM1LjQ5LTUuanBlZyIsInNsaWRlc2hvdyI6ImFsbC0wODdhNjRmIn0%3D\">\n\t\t\t\t\t<div class=\"e-gallery-image elementor-gallery-item__image\" data-thumbnail=\"https:\/\/impactoart.com.br\/wp-content\/uploads\/2023\/12\/WhatsApp-Image-2023-12-01-at-16.35.49-5-300x204.jpeg\" data-width=\"300\" data-height=\"204\" aria-label=\"\" role=\"img\" ><\/div>\n\t\t\t\t\t\t\t\t\t\t\t<div class=\"elementor-gallery-item__overlay\"><\/div>\n\t\t\t\t\t\t\t\t\t\t\t\t\t\t<\/a>\n\t\t\t\t\t\t\t<a class=\"e-gallery-item elementor-gallery-item elementor-animated-content\" href=\"https:\/\/impactoart.com.br\/wp-content\/uploads\/2023\/12\/WhatsApp-Image-2023-12-01-at-16.35.50-2.jpeg\" data-elementor-open-lightbox=\"yes\" data-elementor-lightbox-slideshow=\"all-087a64f\" data-elementor-lightbox-title=\"WhatsApp Image 2023-12-01 at 16.35.50 (2)\" data-e-action-hash=\"#elementor-action%3Aaction%3Dlightbox%26settings%3DeyJpZCI6NTEyLCJ1cmwiOiJodHRwczpcL1wvaW1wYWN0b2FydC5jb20uYnJcL3dwLWNvbnRlbnRcL3VwbG9hZHNcLzIwMjNcLzEyXC9XaGF0c0FwcC1JbWFnZS0yMDIzLTEyLTAxLWF0LTE2LjM1LjUwLTIuanBlZyIsInNsaWRlc2hvdyI6ImFsbC0wODdhNjRmIn0%3D\">\n\t\t\t\t\t<div class=\"e-gallery-image elementor-gallery-item__image\" data-thumbnail=\"https:\/\/impactoart.com.br\/wp-content\/uploads\/2023\/12\/WhatsApp-Image-2023-12-01-at-16.35.50-2-300x217.jpeg\" data-width=\"300\" data-height=\"217\" aria-label=\"\" role=\"img\" ><\/div>\n\t\t\t\t\t\t\t\t\t\t\t<div class=\"elementor-gallery-item__overlay\"><\/div>\n\t\t\t\t\t\t\t\t\t\t\t\t\t\t<\/a>\n\t\t\t\t\t\t\t<a class=\"e-gallery-item elementor-gallery-item elementor-animated-content\" href=\"https:\/\/impactoart.com.br\/wp-content\/uploads\/2023\/12\/WhatsApp-Image-2023-12-01-at-16.35.50.jpeg\" data-elementor-open-lightbox=\"yes\" data-elementor-lightbox-slideshow=\"all-087a64f\" data-elementor-lightbox-title=\"WhatsApp Image 2023-12-01 at 16.35.50\" data-e-action-hash=\"#elementor-action%3Aaction%3Dlightbox%26settings%3DeyJpZCI6NTEzLCJ1cmwiOiJodHRwczpcL1wvaW1wYWN0b2FydC5jb20uYnJcL3dwLWNvbnRlbnRcL3VwbG9hZHNcLzIwMjNcLzEyXC9XaGF0c0FwcC1JbWFnZS0yMDIzLTEyLTAxLWF0LTE2LjM1LjUwLmpwZWciLCJzbGlkZXNob3ciOiJhbGwtMDg3YTY0ZiJ9\">\n\t\t\t\t\t<div class=\"e-gallery-image elementor-gallery-item__image\" data-thumbnail=\"https:\/\/impactoart.com.br\/wp-content\/uploads\/2023\/12\/WhatsApp-Image-2023-12-01-at-16.35.50-300x150.jpeg\" data-width=\"300\" data-height=\"150\" aria-label=\"\" role=\"img\" ><\/div>\n\t\t\t\t\t\t\t\t\t\t\t<div class=\"elementor-gallery-item__overlay\"><\/div>\n\t\t\t\t\t\t\t\t\t\t\t\t\t\t<\/a>\n\t\t\t\t\t\t\t<a class=\"e-gallery-item elementor-gallery-item elementor-animated-content\" href=\"https:\/\/impactoart.com.br\/wp-content\/uploads\/2023\/12\/WhatsApp-Image-2023-12-01-at-16.35.52-2.jpeg\" data-elementor-open-lightbox=\"yes\" data-elementor-lightbox-slideshow=\"all-087a64f\" data-elementor-lightbox-title=\"WhatsApp Image 2023-12-01 at 16.35.52 (2)\" data-e-action-hash=\"#elementor-action%3Aaction%3Dlightbox%26settings%3DeyJpZCI6NTE0LCJ1cmwiOiJodHRwczpcL1wvaW1wYWN0b2FydC5jb20uYnJcL3dwLWNvbnRlbnRcL3VwbG9hZHNcLzIwMjNcLzEyXC9XaGF0c0FwcC1JbWFnZS0yMDIzLTEyLTAxLWF0LTE2LjM1LjUyLTIuanBlZyIsInNsaWRlc2hvdyI6ImFsbC0wODdhNjRmIn0%3D\">\n\t\t\t\t\t<div class=\"e-gallery-image elementor-gallery-item__image\" data-thumbnail=\"https:\/\/impactoart.com.br\/wp-content\/uploads\/2023\/12\/WhatsApp-Image-2023-12-01-at-16.35.52-2-300x200.jpeg\" data-width=\"300\" data-height=\"200\" aria-label=\"\" role=\"img\" ><\/div>\n\t\t\t\t\t\t\t\t\t\t\t<div class=\"elementor-gallery-item__overlay\"><\/div>\n\t\t\t\t\t\t\t\t\t\t\t\t\t\t<\/a>\n\t\t\t\t\t\t\t<a class=\"e-gallery-item elementor-gallery-item elementor-animated-content\" href=\"https:\/\/impactoart.com.br\/wp-content\/uploads\/2023\/12\/WhatsApp-Image-2023-12-01-at-16.35.52-3.jpeg\" data-elementor-open-lightbox=\"yes\" data-elementor-lightbox-slideshow=\"all-087a64f\" data-elementor-lightbox-title=\"WhatsApp Image 2023-12-01 at 16.35.52 (3)\" data-e-action-hash=\"#elementor-action%3Aaction%3Dlightbox%26settings%3DeyJpZCI6NTE1LCJ1cmwiOiJodHRwczpcL1wvaW1wYWN0b2FydC5jb20uYnJcL3dwLWNvbnRlbnRcL3VwbG9hZHNcLzIwMjNcLzEyXC9XaGF0c0FwcC1JbWFnZS0yMDIzLTEyLTAxLWF0LTE2LjM1LjUyLTMuanBlZyIsInNsaWRlc2hvdyI6ImFsbC0wODdhNjRmIn0%3D\">\n\t\t\t\t\t<div class=\"e-gallery-image elementor-gallery-item__image\" data-thumbnail=\"https:\/\/impactoart.com.br\/wp-content\/uploads\/2023\/12\/WhatsApp-Image-2023-12-01-at-16.35.52-3-300x260.jpeg\" data-width=\"300\" data-height=\"260\" aria-label=\"\" role=\"img\" ><\/div>\n\t\t\t\t\t\t\t\t\t\t\t<div class=\"elementor-gallery-item__overlay\"><\/div>\n\t\t\t\t\t\t\t\t\t\t\t\t\t\t<\/a>\n\t\t\t\t\t\t\t<a class=\"e-gallery-item elementor-gallery-item elementor-animated-content\" href=\"https:\/\/impactoart.com.br\/wp-content\/uploads\/2023\/12\/WhatsApp-Image-2023-12-01-at-16.35.52-4.jpeg\" data-elementor-open-lightbox=\"yes\" data-elementor-lightbox-slideshow=\"all-087a64f\" data-elementor-lightbox-title=\"WhatsApp Image 2023-12-01 at 16.35.52 (4)\" data-e-action-hash=\"#elementor-action%3Aaction%3Dlightbox%26settings%3DeyJpZCI6NTE2LCJ1cmwiOiJodHRwczpcL1wvaW1wYWN0b2FydC5jb20uYnJcL3dwLWNvbnRlbnRcL3VwbG9hZHNcLzIwMjNcLzEyXC9XaGF0c0FwcC1JbWFnZS0yMDIzLTEyLTAxLWF0LTE2LjM1LjUyLTQuanBlZyIsInNsaWRlc2hvdyI6ImFsbC0wODdhNjRmIn0%3D\">\n\t\t\t\t\t<div class=\"e-gallery-image elementor-gallery-item__image\" data-thumbnail=\"https:\/\/impactoart.com.br\/wp-content\/uploads\/2023\/12\/WhatsApp-Image-2023-12-01-at-16.35.52-4-300x200.jpeg\" data-width=\"300\" data-height=\"200\" aria-label=\"\" role=\"img\" ><\/div>\n\t\t\t\t\t\t\t\t\t\t\t<div class=\"elementor-gallery-item__overlay\"><\/div>\n\t\t\t\t\t\t\t\t\t\t\t\t\t\t<\/a>\n\t\t\t\t\t\t\t<a class=\"e-gallery-item elementor-gallery-item elementor-animated-content\" href=\"https:\/\/impactoart.com.br\/wp-content\/uploads\/2023\/12\/WhatsApp-Image-2023-12-01-at-16.35.52-5.jpeg\" data-elementor-open-lightbox=\"yes\" data-elementor-lightbox-slideshow=\"all-087a64f\" data-elementor-lightbox-title=\"WhatsApp Image 2023-12-01 at 16.35.52 (5)\" data-e-action-hash=\"#elementor-action%3Aaction%3Dlightbox%26settings%3DeyJpZCI6NTE3LCJ1cmwiOiJodHRwczpcL1wvaW1wYWN0b2FydC5jb20uYnJcL3dwLWNvbnRlbnRcL3VwbG9hZHNcLzIwMjNcLzEyXC9XaGF0c0FwcC1JbWFnZS0yMDIzLTEyLTAxLWF0LTE2LjM1LjUyLTUuanBlZyIsInNsaWRlc2hvdyI6ImFsbC0wODdhNjRmIn0%3D\">\n\t\t\t\t\t<div class=\"e-gallery-image elementor-gallery-item__image\" data-thumbnail=\"https:\/\/impactoart.com.br\/wp-content\/uploads\/2023\/12\/WhatsApp-Image-2023-12-01-at-16.35.52-5-300x200.jpeg\" data-width=\"300\" data-height=\"200\" aria-label=\"\" role=\"img\" ><\/div>\n\t\t\t\t\t\t\t\t\t\t\t<div class=\"elementor-gallery-item__overlay\"><\/div>\n\t\t\t\t\t\t\t\t\t\t\t\t\t\t<\/a>\n\t\t\t\t\t\t\t<a class=\"e-gallery-item elementor-gallery-item elementor-animated-content\" href=\"https:\/\/impactoart.com.br\/wp-content\/uploads\/2023\/12\/WhatsApp-Image-2023-12-01-at-16.35.53.jpeg\" data-elementor-open-lightbox=\"yes\" data-elementor-lightbox-slideshow=\"all-087a64f\" data-elementor-lightbox-title=\"WhatsApp Image 2023-12-01 at 16.35.53\" data-e-action-hash=\"#elementor-action%3Aaction%3Dlightbox%26settings%3DeyJpZCI6NTE4LCJ1cmwiOiJodHRwczpcL1wvaW1wYWN0b2FydC5jb20uYnJcL3dwLWNvbnRlbnRcL3VwbG9hZHNcLzIwMjNcLzEyXC9XaGF0c0FwcC1JbWFnZS0yMDIzLTEyLTAxLWF0LTE2LjM1LjUzLmpwZWciLCJzbGlkZXNob3ciOiJhbGwtMDg3YTY0ZiJ9\">\n\t\t\t\t\t<div class=\"e-gallery-image elementor-gallery-item__image\" data-thumbnail=\"https:\/\/impactoart.com.br\/wp-content\/uploads\/2023\/12\/WhatsApp-Image-2023-12-01-at-16.35.53-300x249.jpeg\" data-width=\"300\" data-height=\"249\" aria-label=\"\" role=\"img\" ><\/div>\n\t\t\t\t\t\t\t\t\t\t\t<div class=\"elementor-gallery-item__overlay\"><\/div>\n\t\t\t\t\t\t\t\t\t\t\t\t\t\t<\/a>\n\t\t\t\t\t<\/div>\n\t\t\t\t\t<\/div>\n\t\t\t\t<\/div>\n\t\t\t\t\t<\/div>\n\t\t\t\t<\/div>\n\t\t<div class=\"elementor-element elementor-element-0c7f221 e-flex e-con-boxed e-con e-parent\" data-id=\"0c7f221\" data-element_type=\"container\">\n\t\t\t\t\t<div class=\"e-con-inner\">\n\t\t\t\t<div class=\"elementor-element elementor-element-966b856 elementor-widget elementor-widget-spacer\" data-id=\"966b856\" data-element_type=\"widget\" data-widget_type=\"spacer.default\">\n\t\t\t\t<div class=\"elementor-widget-container\">\n\t\t\t\t\t\t\t<div class=\"elementor-spacer\">\n\t\t\t<div class=\"elementor-spacer-inner\"><\/div>\n\t\t<\/div>\n\t\t\t\t\t\t<\/div>\n\t\t\t\t<\/div>\n\t\t\t\t\t<\/div>\n\t\t\t\t<\/div>\n\t\t<div class=\"elementor-element elementor-element-a59e26f e-flex e-con-boxed e-con e-parent\" data-id=\"a59e26f\" data-element_type=\"container\">\n\t\t\t\t\t<div class=\"e-con-inner\">\n\t\t\t\t<div class=\"elementor-element elementor-element-6720aaf elementor-widget elementor-widget-spacer\" data-id=\"6720aaf\" data-element_type=\"widget\" data-widget_type=\"spacer.default\">\n\t\t\t\t<div class=\"elementor-widget-container\">\n\t\t\t\t\t\t\t<div class=\"elementor-spacer\">\n\t\t\t<div class=\"elementor-spacer-inner\"><\/div>\n\t\t<\/div>\n\t\t\t\t\t\t<\/div>\n\t\t\t\t<\/div>\n\t\t\t\t\t<\/div>\n\t\t\t\t<\/div>\n\t\t\t\t<\/div>\n\t\t","protected":false},"excerpt":{"rendered":"<p>Home \/ Servi\u00e7os \/ Eventos Comunica\u00e7\u00e3o para Feiras e Exposi\u00e7\u00f5es. Bem-vindo \u00e0 Impacto Art, sua parceira em criar experi\u00eancias excepcionais para eventos inesquec\u00edveis! Com nosso servi\u00e7o de Comunica\u00e7\u00e3o para Eventos, oferecemos designs personalizados que refletem a identidade \u00fanica da sua marca. Comprometidos com inova\u00e7\u00e3o e tecnologia, utilizamos materiais de alta qualidade e solu\u00e7\u00f5es avan\u00e7adas para&hellip;&nbsp;<a href=\"https:\/\/impactoart.com.br\/index.php\/comunicacao-para-eventos\/\" rel=\"bookmark\"><span class=\"screen-reader-text\">Eventos<\/span><\/a><\/p>\n","protected":false},"author":1,"featured_media":0,"parent":0,"menu_order":0,"comment_status":"closed","ping_status":"closed","template":"page-templates\/template-pagebuilder-full-width.php","meta":{"neve_meta_sidebar":"","neve_meta_container":"","neve_meta_enable_content_width":"","neve_meta_content_width":0,"neve_meta_title_alignment":"","neve_meta_author_avatar":"","neve_post_elements_order":"","neve_meta_disable_header":"","neve_meta_disable_footer":"","neve_meta_disable_title":"","_joinchat":[],"footnotes":""},"class_list":["post-500","page","type-page","status-publish","hentry"],"_links":{"self":[{"href":"https:\/\/impactoart.com.br\/index.php\/wp-json\/wp\/v2\/pages\/500","targetHints":{"allow":["GET"]}}],"collection":[{"href":"https:\/\/impactoart.com.br\/index.php\/wp-json\/wp\/v2\/pages"}],"about":[{"href":"https:\/\/impactoart.com.br\/index.php\/wp-json\/wp\/v2\/types\/page"}],"author":[{"embeddable":true,"href":"https:\/\/impactoart.com.br\/index.php\/wp-json\/wp\/v2\/users\/1"}],"replies":[{"embeddable":true,"href":"https:\/\/impactoart.com.br\/index.php\/wp-json\/wp\/v2\/comments?post=500"}],"version-history":[{"count":14,"href":"https:\/\/impactoart.com.br\/index.php\/wp-json\/wp\/v2\/pages\/500\/revisions"}],"predecessor-version":[{"id":571,"href":"https:\/\/impactoart.com.br\/index.php\/wp-json\/wp\/v2\/pages\/500\/revisions\/571"}],"wp:attachment":[{"href":"https:\/\/impactoart.com.br\/index.php\/wp-json\/wp\/v2\/media?parent=500"}],"curies":[{"name":"wp","href":"https:\/\/api.w.org\/{rel}","templated":true}]}}