{"id":307,"date":"2023-10-05T12:58:32","date_gmt":"2023-10-05T12:58:32","guid":{"rendered":"https:\/\/impactoart.com.br\/?page_id=307"},"modified":"2023-10-05T13:33:05","modified_gmt":"2023-10-05T13:33:05","slug":"portfolio","status":"publish","type":"page","link":"https:\/\/impactoart.com.br\/index.php\/portfolio\/","title":{"rendered":"Portfolio"},"content":{"rendered":"\t\t<div data-elementor-type=\"wp-post\" data-elementor-id=\"307\" class=\"elementor elementor-307\">\n\t\t\t\t<div class=\"elementor-element elementor-element-bff3b9e e-flex e-con-boxed e-con e-parent\" data-id=\"bff3b9e\" data-element_type=\"container\" data-settings=\"{&quot;background_background&quot;:&quot;classic&quot;}\">\n\t\t\t\t\t<div class=\"e-con-inner\">\n\t\t\t\t<div class=\"elementor-element elementor-element-8ad88d7 elementor-widget elementor-widget-heading\" data-id=\"8ad88d7\" data-element_type=\"widget\" data-widget_type=\"heading.default\">\n\t\t\t\t<div class=\"elementor-widget-container\">\n\t\t\t\t\t<h2 class=\"elementor-heading-title elementor-size-default\"><a href=\"https:\/\/impactoart.com.br\/\">Home<\/a><\/h2>\t\t\t\t<\/div>\n\t\t\t\t<\/div>\n\t\t\t\t<div class=\"elementor-element elementor-element-0c5a192 elementor-widget elementor-widget-heading\" data-id=\"0c5a192\" data-element_type=\"widget\" data-widget_type=\"heading.default\">\n\t\t\t\t<div class=\"elementor-widget-container\">\n\t\t\t\t\t<h2 class=\"elementor-heading-title elementor-size-default\">\/<\/h2>\t\t\t\t<\/div>\n\t\t\t\t<\/div>\n\t\t\t\t<div class=\"elementor-element elementor-element-772f2d6 elementor-widget elementor-widget-heading\" data-id=\"772f2d6\" data-element_type=\"widget\" data-widget_type=\"heading.default\">\n\t\t\t\t<div class=\"elementor-widget-container\">\n\t\t\t\t\t<h2 class=\"elementor-heading-title elementor-size-default\"><a href=\"https:\/\/impactoart.com.br\/index.php\/portfolio\/\">Portfolio<\/a><\/h2>\t\t\t\t<\/div>\n\t\t\t\t<\/div>\n\t\t\t\t\t<\/div>\n\t\t\t\t<\/div>\n\t\t<div class=\"elementor-element elementor-element-43bc33c e-flex e-con-boxed e-con e-parent\" data-id=\"43bc33c\" data-element_type=\"container\">\n\t\t\t\t\t<div class=\"e-con-inner\">\n\t\t<div class=\"elementor-element elementor-element-e760100 e-con-full e-flex e-con e-child\" data-id=\"e760100\" data-element_type=\"container\">\n\t\t\t\t<div class=\"elementor-element elementor-element-88fe760 elementor-widget elementor-widget-heading\" data-id=\"88fe760\" data-element_type=\"widget\" data-widget_type=\"heading.default\">\n\t\t\t\t<div class=\"elementor-widget-container\">\n\t\t\t\t\t<h2 class=\"elementor-heading-title elementor-size-default\">Todo projeto \u00e9 importante para a Impacto Art<\/h2>\t\t\t\t<\/div>\n\t\t\t\t<\/div>\n\t\t\t\t<div class=\"elementor-element elementor-element-b3c0b1a elementor-widget elementor-widget-text-editor\" data-id=\"b3c0b1a\" data-element_type=\"widget\" data-widget_type=\"text-editor.default\">\n\t\t\t\t<div class=\"elementor-widget-container\">\n\t\t\t\t\t\t\t\t\t<p>Selecionamos aqui alguns projetos que fazem parte de nossa hist\u00f3ria e temos muito orgulho em compartilhar com voc\u00eas.<\/p>\t\t\t\t\t\t\t\t<\/div>\n\t\t\t\t<\/div>\n\t\t\t\t<\/div>\n\t\t\t\t\t<\/div>\n\t\t\t\t<\/div>\n\t\t<div class=\"elementor-element elementor-element-9c922fe e-flex e-con-boxed e-con e-parent\" data-id=\"9c922fe\" data-element_type=\"container\">\n\t\t\t\t\t<div class=\"e-con-inner\">\n\t\t\t\t<div class=\"elementor-element elementor-element-3731774 eael-fg-hoverer-content-align-left elementor-widget elementor-widget-eael-filterable-gallery\" data-id=\"3731774\" data-element_type=\"widget\" data-settings=\"{&quot;photo_gallery&quot;:&quot;yes&quot;,&quot;pagination&quot;:&quot;false&quot;}\" data-widget_type=\"eael-filterable-gallery.default\">\n\t\t\t\t<div class=\"elementor-widget-container\">\n\t\t\t\t\t<style id=\"eael-fg-inline-css-3731774\">@media only screen and (max-width: 2399px) {\n\t\t\t\t\t.elementor-element.elementor-element-3731774 .eael-filterable-gallery-item-wrap {\n\t\t\t\t\t        width: 33.333333333333%;\n\t\t\t\t\t    }\n\t\t\t\t\t}@media only screen and (max-width: 1024px) {\n\t\t\t\t\t.elementor-element.elementor-element-3731774  .eael-filterable-gallery-item-wrap {\n\t\t\t\t\t        width: 50%;\n\t\t\t\t\t    }\n\t\t\t\t\t}@media only screen and (max-width: 767px) {\n\t\t\t\t\t.elementor-element.elementor-element-3731774  .eael-filterable-gallery-item-wrap {\n\t\t\t\t\t        width: 100%;\n\t\t\t\t\t    }\n\t\t\t\t\t}<\/style>        <div id=\"eael-filter-gallery-wrapper-3731774\" class=\"eael-filter-gallery-wrapper\" data-layout-mode=\"hoverer\" data-breakpoints=\"{&quot;mobile&quot;:{&quot;label&quot;:&quot;Dispositivos m\\u00f3veis no modo retrato&quot;,&quot;value&quot;:767,&quot;default_value&quot;:767,&quot;direction&quot;:&quot;max&quot;,&quot;is_enabled&quot;:true},&quot;mobile_extra&quot;:{&quot;label&quot;:&quot;Dispositivos m\\u00f3veis no modo paisagem&quot;,&quot;value&quot;:880,&quot;default_value&quot;:880,&quot;direction&quot;:&quot;max&quot;,&quot;is_enabled&quot;:false},&quot;tablet&quot;:{&quot;label&quot;:&quot;Tablet no modo retrato&quot;,&quot;value&quot;:1024,&quot;default_value&quot;:1024,&quot;direction&quot;:&quot;max&quot;,&quot;is_enabled&quot;:true},&quot;tablet_extra&quot;:{&quot;label&quot;:&quot;Tablet no modo paisagem&quot;,&quot;value&quot;:1200,&quot;default_value&quot;:1200,&quot;direction&quot;:&quot;max&quot;,&quot;is_enabled&quot;:false},&quot;laptop&quot;:{&quot;label&quot;:&quot;Notebook&quot;,&quot;value&quot;:1366,&quot;default_value&quot;:1366,&quot;direction&quot;:&quot;max&quot;,&quot;is_enabled&quot;:false},&quot;widescreen&quot;:{&quot;label&quot;:&quot;Tela ampla (widescreen)&quot;,&quot;value&quot;:2400,&quot;default_value&quot;:2400,&quot;direction&quot;:&quot;min&quot;,&quot;is_enabled&quot;:false}}\" data-default_control_key=\"0\" data-custom_default_control=\"\">\n            \n                        <div class=\"eael-filter-gallery-control\">\n                <ul><li data-load-more-status=\"0\" data-first-init=\"1\" class=\"control all-control  active \" data-filter=\"*\">Todos<\/li><li  data-load-more-status=\"0\" data-first-init=\"0\"\n                        class=\"control \" data-filter=\".eael-cf-comunica\u00e7\u00e3o-visual\">Comunica\u00e7\u00e3o Visual<\/li><li  data-load-more-status=\"0\" data-first-init=\"0\"\n                        class=\"control \" data-filter=\".eael-cf-impress\u00e3o-digital\">Impress\u00e3o Digital<\/li><li  data-load-more-status=\"0\" data-first-init=\"0\"\n                        class=\"control \" data-filter=\".eael-cf-letra-caixa\">Letra Caixa<\/li><li  data-load-more-status=\"0\" data-first-init=\"0\"\n                        class=\"control \" data-filter=\".eael-cf-placas-e-sinaliza\u00e7\u00e3o\">Placas e Sinaliza\u00e7\u00e3o<\/li><li  data-load-more-status=\"0\" data-first-init=\"0\"\n                        class=\"control \" data-filter=\".eael-cf-envelopamento-de-frota\">Envelopamento de Frota<\/li><\/ul>\n            <\/div>\n            \n            <div class=\"eael-filter-gallery-container eael-filter-gallery-grid\" data-images-per-page=\"\" data-total-gallery-items=\"3\" data-nomore-item-text=\"\" data-is-randomize=\"no\" data-settings=\"{&quot;grid_style&quot;:&quot;grid&quot;,&quot;popup&quot;:&quot;buttons&quot;,&quot;duration&quot;:500,&quot;gallery_enabled&quot;:&quot;yes&quot;,&quot;video_gallery_yt_privacy&quot;:&quot;&quot;,&quot;control_all_text&quot;:&quot;Todos&quot;,&quot;post_id&quot;:307,&quot;widget_id&quot;:&quot;3731774&quot;}\" data-search-all=\"\" data-gallery-items=\"WyI8ZGl2IGNsYXNzPVwiZWFlbC1maWx0ZXJhYmxlLWdhbGxlcnktaXRlbS13cmFwIGVhZWwtY2YtaW1wcmVzc1x1MDBlM28tZGlnaXRhbFwiPlxuXHRcdFx0XHQ8ZGl2IGNsYXNzPVwiZWFlbC1nYWxsZXJ5LWdyaWQtaXRlbVwiPjxkaXYgY2xhc3M9XCJnYWxsZXJ5LWl0ZW0tdGh1bWJuYWlsLXdyYXBcIj48aW1nIHNyYz1cImh0dHBzOlwvXC9pbXBhY3RvYXJ0LmNvbS5iclwvd3AtY29udGVudFwvdXBsb2Fkc1wvMjAyM1wvMDlcL3Byb2pldG8wNi5qcGdcIiBkYXRhLWxhenktc3JjPVwiaHR0cHM6XC9cL2ltcGFjdG9hcnQuY29tLmJyXC93cC1jb250ZW50XC91cGxvYWRzXC8yMDIzXC8wOVwvcHJvamV0bzA2LmpwZ1wiIGFsdD1cIkRpYSBkbyBNb3RvY2ljbGlzdGFcIiBjbGFzcz1cImdhbGxlcnktaXRlbS10aHVtYm5haWxcIj48XC9kaXY+PGRpdiBjbGFzcz1cImdhbGxlcnktaXRlbS1jYXB0aW9uLXdyYXAgY2FwdGlvbi1zdHlsZS1ob3ZlcmVyIGVhZWwtc2xpZGUtdXBcIj48ZGl2IGNsYXNzPVwiZ2FsbGVyeS1pdGVtLWhvdmVyZXItYmdcIj48XC9kaXY+PGRpdiBjbGFzcz1cImdhbGxlcnktaXRlbS1jYXB0aW9uLW92ZXJcIj48aDIgY2xhc3M9XCJmZy1pdGVtLXRpdGxlXCI+RGlhIGRvIE1vdG9jaWNsaXN0YTxcL2gyPjxkaXYgY2xhc3M9XCJmZy1pdGVtLWNvbnRlbnRcIj48cD5CcmV2ZSB0ZXh0byBzb2JyZSBhIG9jYXNpXHUwMGUzby48XC9wPlxuPFwvZGl2PjxkaXYgY2xhc3M9XCJnYWxsZXJ5LWl0ZW0tYnV0dG9uc1wiPjxhIGFyZWEtaGlkZGVuPVwidHJ1ZVwiIGFyaWEtbGFiZWw9XCJlYWVsLW1hZ25pZmljLWxpbmtcIiBocmVmPVwiaHR0cHM6XC9cL2ltcGFjdG9hcnQuY29tLmJyXC93cC1jb250ZW50XC91cGxvYWRzXC8yMDIzXC8wOVwvcHJvamV0bzA2LmpwZ1wiIGNsYXNzPVwiZWFlbC1tYWduaWZpYy1saW5rIGVhZWwtbWFnbmlmaWMtbGluay1jbG9uZSBhY3RpdmVcIiBkYXRhLWVsZW1lbnRvci1vcGVuLWxpZ2h0Ym94PVwieWVzXCIgdGl0bGU9XCJcIj48c3BhbiBjbGFzcz1cImZnLWl0ZW0taWNvbi1pbm5lclwiPjxpIGNsYXNzPVwiZmFzIGZhLXNlYXJjaC1wbHVzXCIgYXJpYS1oaWRkZW49XCJ0cnVlXCI+PFwvaT48XC9zcGFuPlxuICAgICAgICAgICAgPFwvYT48XC9kaXY+PFwvZGl2PjxcL2Rpdj48XC9kaXY+PFwvZGl2PiIsIjxkaXYgY2xhc3M9XCJlYWVsLWZpbHRlcmFibGUtZ2FsbGVyeS1pdGVtLXdyYXAgZWFlbC1jZi1jb211bmljYVx1MDBlN1x1MDBlM28tdmlzdWFsXCI+XG5cdFx0XHRcdDxkaXYgY2xhc3M9XCJlYWVsLWdhbGxlcnktZ3JpZC1pdGVtXCI+PGRpdiBjbGFzcz1cImdhbGxlcnktaXRlbS10aHVtYm5haWwtd3JhcFwiPjxpbWcgc3JjPVwiaHR0cHM6XC9cL2ltcGFjdG9hcnQuY29tLmJyXC93cC1jb250ZW50XC91cGxvYWRzXC8yMDIzXC8wOVwvcHJvamV0bzEwLmpwZ1wiIGRhdGEtbGF6eS1zcmM9XCJodHRwczpcL1wvaW1wYWN0b2FydC5jb20uYnJcL3dwLWNvbnRlbnRcL3VwbG9hZHNcLzIwMjNcLzA5XC9wcm9qZXRvMTAuanBnXCIgYWx0PVwiRXZlbnRvIFhQVE9cIiBjbGFzcz1cImdhbGxlcnktaXRlbS10aHVtYm5haWxcIj48XC9kaXY+PGRpdiBjbGFzcz1cImdhbGxlcnktaXRlbS1jYXB0aW9uLXdyYXAgY2FwdGlvbi1zdHlsZS1ob3ZlcmVyIGVhZWwtc2xpZGUtdXBcIj48ZGl2IGNsYXNzPVwiZ2FsbGVyeS1pdGVtLWhvdmVyZXItYmdcIj48XC9kaXY+PGRpdiBjbGFzcz1cImdhbGxlcnktaXRlbS1jYXB0aW9uLW92ZXJcIj48aDIgY2xhc3M9XCJmZy1pdGVtLXRpdGxlXCI+RXZlbnRvIFhQVE88XC9oMj48ZGl2IGNsYXNzPVwiZmctaXRlbS1jb250ZW50XCI+PHA+QnJldmUgdGV4dG8gc29icmUgYSBvY2FzaVx1MDBlM28uPFwvcD5cbjxcL2Rpdj48ZGl2IGNsYXNzPVwiZ2FsbGVyeS1pdGVtLWJ1dHRvbnNcIj48YSBhcmVhLWhpZGRlbj1cInRydWVcIiBhcmlhLWxhYmVsPVwiZWFlbC1tYWduaWZpYy1saW5rXCIgaHJlZj1cImh0dHBzOlwvXC9pbXBhY3RvYXJ0LmNvbS5iclwvd3AtY29udGVudFwvdXBsb2Fkc1wvMjAyM1wvMDlcL3Byb2pldG8xMC5qcGdcIiBjbGFzcz1cImVhZWwtbWFnbmlmaWMtbGluayBlYWVsLW1hZ25pZmljLWxpbmstY2xvbmUgYWN0aXZlXCIgZGF0YS1lbGVtZW50b3Itb3Blbi1saWdodGJveD1cInllc1wiIHRpdGxlPVwiXCI+PHNwYW4gY2xhc3M9XCJmZy1pdGVtLWljb24taW5uZXJcIj48aSBjbGFzcz1cImZhcyBmYS1zZWFyY2gtcGx1c1wiIGFyaWEtaGlkZGVuPVwidHJ1ZVwiPjxcL2k+PFwvc3Bhbj5cbiAgICAgICAgICAgIDxcL2E+PFwvZGl2PjxcL2Rpdj48XC9kaXY+PFwvZGl2PjxcL2Rpdj4iLCI8ZGl2IGNsYXNzPVwiZWFlbC1maWx0ZXJhYmxlLWdhbGxlcnktaXRlbS13cmFwIGVhZWwtY2YtbGV0cmEtY2FpeGEgZWFlbC1jZi1jb211bmljYVx1MDBlN1x1MDBlM28tdmlzdWFsIGVhZWwtY2YtaW1wcmVzc1x1MDBlM28tZGlnaXRhbFwiPlxuXHRcdFx0XHQ8ZGl2IGNsYXNzPVwiZWFlbC1nYWxsZXJ5LWdyaWQtaXRlbVwiPjxkaXYgY2xhc3M9XCJnYWxsZXJ5LWl0ZW0tdGh1bWJuYWlsLXdyYXBcIj48aW1nIHNyYz1cImh0dHBzOlwvXC9pbXBhY3RvYXJ0LmNvbS5iclwvd3AtY29udGVudFwvdXBsb2Fkc1wvMjAyM1wvMDlcL3Byb2pldG8wMi5qcGdcIiBkYXRhLWxhenktc3JjPVwiaHR0cHM6XC9cL2ltcGFjdG9hcnQuY29tLmJyXC93cC1jb250ZW50XC91cGxvYWRzXC8yMDIzXC8wOVwvcHJvamV0bzAyLmpwZ1wiIGFsdD1cIkFtZXJpY2FuYXMgU2hvdyBSb29tXCIgY2xhc3M9XCJnYWxsZXJ5LWl0ZW0tdGh1bWJuYWlsXCI+PFwvZGl2PjxkaXYgY2xhc3M9XCJnYWxsZXJ5LWl0ZW0tY2FwdGlvbi13cmFwIGNhcHRpb24tc3R5bGUtaG92ZXJlciBlYWVsLXNsaWRlLXVwXCI+PGRpdiBjbGFzcz1cImdhbGxlcnktaXRlbS1ob3ZlcmVyLWJnXCI+PFwvZGl2PjxkaXYgY2xhc3M9XCJnYWxsZXJ5LWl0ZW0tY2FwdGlvbi1vdmVyXCI+PGgyIGNsYXNzPVwiZmctaXRlbS10aXRsZVwiPkFtZXJpY2FuYXMgU2hvdyBSb29tPFwvaDI+PGRpdiBjbGFzcz1cImZnLWl0ZW0tY29udGVudFwiPjxwPkJyZXZlIHRleHRvIHNvYnJlIGEgb2Nhc2lcdTAwZTNvLjxcL3A+XG48XC9kaXY+PGRpdiBjbGFzcz1cImdhbGxlcnktaXRlbS1idXR0b25zXCI+PGEgYXJlYS1oaWRkZW49XCJ0cnVlXCIgYXJpYS1sYWJlbD1cImVhZWwtbWFnbmlmaWMtbGlua1wiIGhyZWY9XCJodHRwczpcL1wvaW1wYWN0b2FydC5jb20uYnJcL3dwLWNvbnRlbnRcL3VwbG9hZHNcLzIwMjNcLzA5XC9wcm9qZXRvMDIuanBnXCIgY2xhc3M9XCJlYWVsLW1hZ25pZmljLWxpbmsgZWFlbC1tYWduaWZpYy1saW5rLWNsb25lIGFjdGl2ZVwiIGRhdGEtZWxlbWVudG9yLW9wZW4tbGlnaHRib3g9XCJ5ZXNcIiB0aXRsZT1cIlwiPjxzcGFuIGNsYXNzPVwiZmctaXRlbS1pY29uLWlubmVyXCI+PGkgY2xhc3M9XCJmYXMgZmEtc2VhcmNoLXBsdXNcIiBhcmlhLWhpZGRlbj1cInRydWVcIj48XC9pPjxcL3NwYW4+XG4gICAgICAgICAgICA8XC9hPjxcL2Rpdj48XC9kaXY+PFwvZGl2PjxcL2Rpdj48XC9kaXY+Il0=\" data-init-show=\"100\">\n                <div class=\"eael-filterable-gallery-item-wrap eael-cf-impress\u00e3o-digital\">\n\t\t\t\t<div class=\"eael-gallery-grid-item\"><div class=\"gallery-item-thumbnail-wrap\"><img decoding=\"async\" src=\"https:\/\/impactoart.com.br\/wp-content\/uploads\/2023\/09\/projeto06.jpg\" data-lazy-src=\"https:\/\/impactoart.com.br\/wp-content\/uploads\/2023\/09\/projeto06.jpg\" alt=\"Dia do Motociclista\" class=\"gallery-item-thumbnail\"><\/div><div class=\"gallery-item-caption-wrap caption-style-hoverer eael-slide-up\"><div class=\"gallery-item-hoverer-bg\"><\/div><div class=\"gallery-item-caption-over\"><h2 class=\"fg-item-title\">Dia do Motociclista<\/h2><div class=\"fg-item-content\"><p>Breve texto sobre a ocasi\u00e3o.<\/p>\n<\/div><div class=\"gallery-item-buttons\"><a area-hidden=\"true\" aria-label=\"eael-magnific-link\" href=\"https:\/\/impactoart.com.br\/wp-content\/uploads\/2023\/09\/projeto06.jpg\" class=\"eael-magnific-link eael-magnific-link-clone active\" data-elementor-open-lightbox=\"yes\" title=\"\"><span class=\"fg-item-icon-inner\"><i class=\"fas fa-search-plus\" aria-hidden=\"true\"><\/i><\/span>\n            <\/a><\/div><\/div><\/div><\/div><\/div><div class=\"eael-filterable-gallery-item-wrap eael-cf-comunica\u00e7\u00e3o-visual\">\n\t\t\t\t<div class=\"eael-gallery-grid-item\"><div class=\"gallery-item-thumbnail-wrap\"><img decoding=\"async\" src=\"https:\/\/impactoart.com.br\/wp-content\/uploads\/2023\/09\/projeto10.jpg\" data-lazy-src=\"https:\/\/impactoart.com.br\/wp-content\/uploads\/2023\/09\/projeto10.jpg\" alt=\"Evento XPTO\" class=\"gallery-item-thumbnail\"><\/div><div class=\"gallery-item-caption-wrap caption-style-hoverer eael-slide-up\"><div class=\"gallery-item-hoverer-bg\"><\/div><div class=\"gallery-item-caption-over\"><h2 class=\"fg-item-title\">Evento XPTO<\/h2><div class=\"fg-item-content\"><p>Breve texto sobre a ocasi\u00e3o.<\/p>\n<\/div><div class=\"gallery-item-buttons\"><a area-hidden=\"true\" aria-label=\"eael-magnific-link\" href=\"https:\/\/impactoart.com.br\/wp-content\/uploads\/2023\/09\/projeto10.jpg\" class=\"eael-magnific-link eael-magnific-link-clone active\" data-elementor-open-lightbox=\"yes\" title=\"\"><span class=\"fg-item-icon-inner\"><i class=\"fas fa-search-plus\" aria-hidden=\"true\"><\/i><\/span>\n            <\/a><\/div><\/div><\/div><\/div><\/div><div class=\"eael-filterable-gallery-item-wrap eael-cf-letra-caixa eael-cf-comunica\u00e7\u00e3o-visual eael-cf-impress\u00e3o-digital\">\n\t\t\t\t<div class=\"eael-gallery-grid-item\"><div class=\"gallery-item-thumbnail-wrap\"><img decoding=\"async\" src=\"https:\/\/impactoart.com.br\/wp-content\/uploads\/2023\/09\/projeto02.jpg\" data-lazy-src=\"https:\/\/impactoart.com.br\/wp-content\/uploads\/2023\/09\/projeto02.jpg\" alt=\"Americanas Show Room\" class=\"gallery-item-thumbnail\"><\/div><div class=\"gallery-item-caption-wrap caption-style-hoverer eael-slide-up\"><div class=\"gallery-item-hoverer-bg\"><\/div><div class=\"gallery-item-caption-over\"><h2 class=\"fg-item-title\">Americanas Show Room<\/h2><div class=\"fg-item-content\"><p>Breve texto sobre a ocasi\u00e3o.<\/p>\n<\/div><div class=\"gallery-item-buttons\"><a area-hidden=\"true\" aria-label=\"eael-magnific-link\" href=\"https:\/\/impactoart.com.br\/wp-content\/uploads\/2023\/09\/projeto02.jpg\" class=\"eael-magnific-link eael-magnific-link-clone active\" data-elementor-open-lightbox=\"yes\" title=\"\"><span class=\"fg-item-icon-inner\"><i class=\"fas fa-search-plus\" aria-hidden=\"true\"><\/i><\/span>\n            <\/a><\/div><\/div><\/div><\/div><\/div>            <\/div>\n            \n                    <\/div>\n        \n        \t\t\t\t<\/div>\n\t\t\t\t<\/div>\n\t\t\t\t\t<\/div>\n\t\t\t\t<\/div>\n\t\t\t\t<\/div>\n\t\t","protected":false},"excerpt":{"rendered":"<p>Home \/ Portfolio Todo projeto \u00e9 importante para a Impacto Art Selecionamos aqui alguns projetos que fazem parte de nossa hist\u00f3ria e temos muito orgulho em compartilhar com voc\u00eas. Todos Comunica\u00e7\u00e3o Visual Impress\u00e3o Digital Letra Caixa Placas e Sinaliza\u00e7\u00e3o Envelopamento de Frota Dia do Motociclista Breve texto sobre a ocasi\u00e3o. Evento XPTO Breve texto sobre&hellip;&nbsp;<a href=\"https:\/\/impactoart.com.br\/index.php\/portfolio\/\" rel=\"bookmark\"><span class=\"screen-reader-text\">Portfolio<\/span><\/a><\/p>\n","protected":false},"author":1,"featured_media":0,"parent":0,"menu_order":0,"comment_status":"closed","ping_status":"closed","template":"page-templates\/template-pagebuilder-full-width.php","meta":{"neve_meta_sidebar":"","neve_meta_container":"","neve_meta_enable_content_width":"","neve_meta_content_width":0,"neve_meta_title_alignment":"","neve_meta_author_avatar":"","neve_post_elements_order":"","neve_meta_disable_header":"","neve_meta_disable_footer":"","neve_meta_disable_title":"","_joinchat":[],"footnotes":""},"class_list":["post-307","page","type-page","status-publish","hentry"],"_links":{"self":[{"href":"https:\/\/impactoart.com.br\/index.php\/wp-json\/wp\/v2\/pages\/307","targetHints":{"allow":["GET"]}}],"collection":[{"href":"https:\/\/impactoart.com.br\/index.php\/wp-json\/wp\/v2\/pages"}],"about":[{"href":"https:\/\/impactoart.com.br\/index.php\/wp-json\/wp\/v2\/types\/page"}],"author":[{"embeddable":true,"href":"https:\/\/impactoart.com.br\/index.php\/wp-json\/wp\/v2\/users\/1"}],"replies":[{"embeddable":true,"href":"https:\/\/impactoart.com.br\/index.php\/wp-json\/wp\/v2\/comments?post=307"}],"version-history":[{"count":28,"href":"https:\/\/impactoart.com.br\/index.php\/wp-json\/wp\/v2\/pages\/307\/revisions"}],"predecessor-version":[{"id":339,"href":"https:\/\/impactoart.com.br\/index.php\/wp-json\/wp\/v2\/pages\/307\/revisions\/339"}],"wp:attachment":[{"href":"https:\/\/impactoart.com.br\/index.php\/wp-json\/wp\/v2\/media?parent=307"}],"curies":[{"name":"wp","href":"https:\/\/api.w.org\/{rel}","templated":true}]}}