{"id":161,"date":"2023-09-29T12:20:18","date_gmt":"2023-09-29T12:20:18","guid":{"rendered":"https:\/\/impactoart.com.br\/?page_id=161"},"modified":"2023-10-04T13:09:22","modified_gmt":"2023-10-04T13:09:22","slug":"sobre-nos","status":"publish","type":"page","link":"https:\/\/impactoart.com.br\/index.php\/sobre-nos\/","title":{"rendered":"Sobre N\u00f3s"},"content":{"rendered":"\t\t<div data-elementor-type=\"wp-post\" data-elementor-id=\"161\" class=\"elementor elementor-161\">\n\t\t\t\t<div class=\"elementor-element elementor-element-bff3b9e e-flex e-con-boxed e-con e-parent\" data-id=\"bff3b9e\" data-element_type=\"container\" data-settings=\"{&quot;background_background&quot;:&quot;classic&quot;}\">\n\t\t\t\t\t<div class=\"e-con-inner\">\n\t\t\t\t<div class=\"elementor-element elementor-element-8ad88d7 elementor-widget elementor-widget-heading\" data-id=\"8ad88d7\" data-element_type=\"widget\" data-widget_type=\"heading.default\">\n\t\t\t\t<div class=\"elementor-widget-container\">\n\t\t\t\t\t<h2 class=\"elementor-heading-title elementor-size-default\"><a href=\"https:\/\/impactoart.com.br\/\">Home<\/a><\/h2>\t\t\t\t<\/div>\n\t\t\t\t<\/div>\n\t\t\t\t<div class=\"elementor-element elementor-element-0c5a192 elementor-widget elementor-widget-heading\" data-id=\"0c5a192\" data-element_type=\"widget\" data-widget_type=\"heading.default\">\n\t\t\t\t<div class=\"elementor-widget-container\">\n\t\t\t\t\t<h2 class=\"elementor-heading-title elementor-size-default\">\/<\/h2>\t\t\t\t<\/div>\n\t\t\t\t<\/div>\n\t\t\t\t<div class=\"elementor-element elementor-element-772f2d6 elementor-widget elementor-widget-heading\" data-id=\"772f2d6\" data-element_type=\"widget\" data-widget_type=\"heading.default\">\n\t\t\t\t<div class=\"elementor-widget-container\">\n\t\t\t\t\t<h2 class=\"elementor-heading-title elementor-size-default\"><a href=\"https:\/\/impactoart.com.br\/index.php\/sobre-nos\/\">Sobre N\u00f3s<\/a><\/h2>\t\t\t\t<\/div>\n\t\t\t\t<\/div>\n\t\t\t\t\t<\/div>\n\t\t\t\t<\/div>\n\t\t<div class=\"elementor-element elementor-element-43bc33c e-flex e-con-boxed e-con e-parent\" data-id=\"43bc33c\" data-element_type=\"container\">\n\t\t\t\t\t<div class=\"e-con-inner\">\n\t\t<div class=\"elementor-element elementor-element-e760100 e-con-full e-flex e-con e-child\" data-id=\"e760100\" data-element_type=\"container\">\n\t\t\t\t<div class=\"elementor-element elementor-element-88fe760 elementor-widget elementor-widget-heading\" data-id=\"88fe760\" data-element_type=\"widget\" data-widget_type=\"heading.default\">\n\t\t\t\t<div class=\"elementor-widget-container\">\n\t\t\t\t\t<h2 class=\"elementor-heading-title elementor-size-default\">Bem-vindo \u00e0 Impacto Art, onde o compromisso encontra a precis\u00e3o.<\/h2>\t\t\t\t<\/div>\n\t\t\t\t<\/div>\n\t\t\t\t<div class=\"elementor-element elementor-element-b3c0b1a elementor-widget elementor-widget-text-editor\" data-id=\"b3c0b1a\" data-element_type=\"widget\" data-widget_type=\"text-editor.default\">\n\t\t\t\t<div class=\"elementor-widget-container\">\n\t\t\t\t\t\t\t\t\t<p>A nossa jornada na Impacto Art come\u00e7ou h\u00e1 mais de uma d\u00e9cada, e desde ent\u00e3o, temos trilhado um caminho de comprometimento inabal\u00e1vel com a excel\u00eancia e a inova\u00e7\u00e3o no campo da comunica\u00e7\u00e3o visual. A nossa hist\u00f3ria \u00e9 uma hist\u00f3ria de paix\u00e3o pela arte e pela comunica\u00e7\u00e3o eficaz.<\/p>\t\t\t\t\t\t\t\t<\/div>\n\t\t\t\t<\/div>\n\t\t\t\t<\/div>\n\t\t<div class=\"elementor-element elementor-element-a11f0c8 e-con-full e-flex e-con e-child\" data-id=\"a11f0c8\" data-element_type=\"container\">\n\t\t\t\t<div class=\"elementor-element elementor-element-5e83b01 elementor-widget elementor-widget-image\" data-id=\"5e83b01\" data-element_type=\"widget\" data-widget_type=\"image.default\">\n\t\t\t\t<div class=\"elementor-widget-container\">\n\t\t\t\t\t\t\t\t\t\t\t\t\t\t\t<img fetchpriority=\"high\" decoding=\"async\" width=\"1024\" height=\"683\" src=\"https:\/\/impactoart.com.br\/wp-content\/uploads\/2023\/09\/young-woman-bright-shirt-posing-white-wall-1024x683.jpg\" class=\"attachment-large size-large wp-image-124\" alt=\"\" srcset=\"https:\/\/impactoart.com.br\/wp-content\/uploads\/2023\/09\/young-woman-bright-shirt-posing-white-wall-1024x683.jpg 1024w, https:\/\/impactoart.com.br\/wp-content\/uploads\/2023\/09\/young-woman-bright-shirt-posing-white-wall-300x200.jpg 300w, https:\/\/impactoart.com.br\/wp-content\/uploads\/2023\/09\/young-woman-bright-shirt-posing-white-wall-768x512.jpg 768w, https:\/\/impactoart.com.br\/wp-content\/uploads\/2023\/09\/young-woman-bright-shirt-posing-white-wall-1536x1024.jpg 1536w, https:\/\/impactoart.com.br\/wp-content\/uploads\/2023\/09\/young-woman-bright-shirt-posing-white-wall-2048x1365.jpg 2048w, https:\/\/impactoart.com.br\/wp-content\/uploads\/2023\/09\/young-woman-bright-shirt-posing-white-wall-930x620.jpg 930w\" sizes=\"(max-width: 1024px) 100vw, 1024px\" \/>\t\t\t\t\t\t\t\t\t\t\t\t\t\t\t<\/div>\n\t\t\t\t<\/div>\n\t\t\t\t<\/div>\n\t\t\t\t\t<\/div>\n\t\t\t\t<\/div>\n\t\t<div class=\"elementor-element elementor-element-c7ed4ea e-flex e-con-boxed e-con e-parent\" data-id=\"c7ed4ea\" data-element_type=\"container\">\n\t\t\t\t\t<div class=\"e-con-inner\">\n\t\t<div class=\"elementor-element elementor-element-cfaba6c e-con-full e-flex e-con e-child\" data-id=\"cfaba6c\" data-element_type=\"container\">\n\t\t\t\t<div class=\"elementor-element elementor-element-55bb1a4 elementor-widget elementor-widget-text-editor\" data-id=\"55bb1a4\" data-element_type=\"widget\" data-widget_type=\"text-editor.default\">\n\t\t\t\t<div class=\"elementor-widget-container\">\n\t\t\t\t\t\t\t\t\t<p>Somos mais do que uma empresa de design e comunica\u00e7\u00e3o visual; somos uma equipe coesa e dedicada de profissionais que acreditam profundamente no poder do comprometimento. Entendemos que a forma como uma mensagem \u00e9 apresentada pode ser t\u00e3o impactante quanto a mensagem em si. \u00c9 por isso que nos esfor\u00e7amos para criar experi\u00eancias visuais que n\u00e3o apenas cativam, mas tamb\u00e9m inspiram, informam e envolvem o p\u00fablico.<\/p><p>A nossa miss\u00e3o \u00e9 simples, mas poderosa: capacitar os nossos clientes a contar as suas hist\u00f3rias de maneira \u00fanica e memor\u00e1vel. Acreditamos que a comunica\u00e7\u00e3o visual \u00e9 uma ferramenta poderosa que pode transcender barreiras lingu\u00edsticas e culturais. Trabalhamos incansavelmente para transformar conceitos em comunica\u00e7\u00f5es atraentes, que deixam uma impress\u00e3o duradoura nas mentes das pessoas.<\/p><p>Vemos os nossos clientes como como parceiros na busca da excel\u00eancia. Cada projeto que assumimos \u00e9 uma oportunidade para inovar, desafiar os limites e superar as expectativas. Trabalhamos em estreita colabora\u00e7\u00e3o com os nossos clientes para entender as suas vis\u00f5es e transform\u00e1-las em realidade.<\/p><p>A nossa paix\u00e3o pela excel\u00eancia \u00e9 o nosso motor. Ela nos impulsiona a explorar novas ideias, t\u00e9cnicas e tecnologias constantemente. Estamos comprometidos em estar na vanguarda das tend\u00eancias do design e da comunica\u00e7\u00e3o visual, garantindo que os nossos clientes recebam solu\u00e7\u00f5es modernas e eficazes.<\/p><p>Na Impacto Art, acreditamos que a qualidade est\u00e1 no detalhe. Cada projeto \u00e9 tratado com o mais alto n\u00edvel de aten\u00e7\u00e3o aos pormenores, desde a conce\u00e7\u00e3o inicial at\u00e9 \u00e0 entrega final. A nossa abordagem meticulosa e orientada para os detalhes \u00e9 o que nos diferencia e nos permite oferecer resultados que excedem as expectativas.<\/p>\t\t\t\t\t\t\t\t<\/div>\n\t\t\t\t<\/div>\n\t\t\t\t<\/div>\n\t\t\t\t\t<\/div>\n\t\t\t\t<\/div>\n\t\t<div class=\"elementor-element elementor-element-e5e54fc e-flex e-con-boxed e-con e-parent\" data-id=\"e5e54fc\" data-element_type=\"container\">\n\t\t\t\t\t<div class=\"e-con-inner\">\n\t\t<div class=\"elementor-element elementor-element-4abfcbc e-con-full e-flex e-con e-child\" data-id=\"4abfcbc\" data-element_type=\"container\">\n\t\t\t\t<div class=\"elementor-element elementor-element-e197329 elementor-view-default elementor-position-top elementor-mobile-position-top elementor-widget elementor-widget-icon-box\" data-id=\"e197329\" data-element_type=\"widget\" data-widget_type=\"icon-box.default\">\n\t\t\t\t<div class=\"elementor-widget-container\">\n\t\t\t\t\t\t\t<div class=\"elementor-icon-box-wrapper\">\n\n\t\t\t\t\t\t<div class=\"elementor-icon-box-icon\">\n\t\t\t\t<span  class=\"elementor-icon\">\n\t\t\t\t<i aria-hidden=\"true\" class=\"fas fa-rocket\"><\/i>\t\t\t\t<\/span>\n\t\t\t<\/div>\n\t\t\t\n\t\t\t\t\t\t<div class=\"elementor-icon-box-content\">\n\n\t\t\t\t\t\t\t\t\t<h3 class=\"elementor-icon-box-title\">\n\t\t\t\t\t\t<span  >\n\t\t\t\t\t\t\tMiss\u00e3o\t\t\t\t\t\t<\/span>\n\t\t\t\t\t<\/h3>\n\t\t\t\t\n\t\t\t\t\t\t\t\t\t<p class=\"elementor-icon-box-description\">\n\t\t\t\t\t\tTransformar ideias em imagens que contem hist\u00f3rias. Trabalhamos incansavelmente para ajudar nossos clientes a comunicar suas mensagens de maneira impactante e memor\u00e1vel, criando designs que ultrapassem as expectativas e inspirem o p\u00fablico.\t\t\t\t\t<\/p>\n\t\t\t\t\n\t\t\t<\/div>\n\t\t\t\n\t\t<\/div>\n\t\t\t\t\t\t<\/div>\n\t\t\t\t<\/div>\n\t\t\t\t<\/div>\n\t\t<div class=\"elementor-element elementor-element-9d0d6c6 e-con-full e-flex e-con e-child\" data-id=\"9d0d6c6\" data-element_type=\"container\">\n\t\t\t\t<div class=\"elementor-element elementor-element-cd7ed09 elementor-view-default elementor-position-top elementor-mobile-position-top elementor-widget elementor-widget-icon-box\" data-id=\"cd7ed09\" data-element_type=\"widget\" data-widget_type=\"icon-box.default\">\n\t\t\t\t<div class=\"elementor-widget-container\">\n\t\t\t\t\t\t\t<div class=\"elementor-icon-box-wrapper\">\n\n\t\t\t\t\t\t<div class=\"elementor-icon-box-icon\">\n\t\t\t\t<span  class=\"elementor-icon\">\n\t\t\t\t<i aria-hidden=\"true\" class=\"far fa-eye\"><\/i>\t\t\t\t<\/span>\n\t\t\t<\/div>\n\t\t\t\n\t\t\t\t\t\t<div class=\"elementor-icon-box-content\">\n\n\t\t\t\t\t\t\t\t\t<h3 class=\"elementor-icon-box-title\">\n\t\t\t\t\t\t<span  >\n\t\t\t\t\t\t\tVis\u00e3o\t\t\t\t\t\t<\/span>\n\t\t\t\t\t<\/h3>\n\t\t\t\t\n\t\t\t\t\t\t\t\t\t<p class=\"elementor-icon-box-description\">\n\t\t\t\t\t\tSermos l\u00edderes no mundo da comunica\u00e7\u00e3o visual, definindo os padr\u00f5es de criatividade e inova\u00e7\u00e3o. Queremos continuar sendo a escolha preferida de empresas e indiv\u00edduos que buscam excel\u00eancia criativa e designs que se destacam.\t\t\t\t\t<\/p>\n\t\t\t\t\n\t\t\t<\/div>\n\t\t\t\n\t\t<\/div>\n\t\t\t\t\t\t<\/div>\n\t\t\t\t<\/div>\n\t\t\t\t<\/div>\n\t\t<div class=\"elementor-element elementor-element-01f8d74 e-con-full e-flex e-con e-child\" data-id=\"01f8d74\" data-element_type=\"container\">\n\t\t\t\t<div class=\"elementor-element elementor-element-44cfd4b elementor-view-default elementor-position-top elementor-mobile-position-top elementor-widget elementor-widget-icon-box\" data-id=\"44cfd4b\" data-element_type=\"widget\" data-widget_type=\"icon-box.default\">\n\t\t\t\t<div class=\"elementor-widget-container\">\n\t\t\t\t\t\t\t<div class=\"elementor-icon-box-wrapper\">\n\n\t\t\t\t\t\t<div class=\"elementor-icon-box-icon\">\n\t\t\t\t<span  class=\"elementor-icon\">\n\t\t\t\t<i aria-hidden=\"true\" class=\"far fa-heart\"><\/i>\t\t\t\t<\/span>\n\t\t\t<\/div>\n\t\t\t\n\t\t\t\t\t\t<div class=\"elementor-icon-box-content\">\n\n\t\t\t\t\t\t\t\t\t<h3 class=\"elementor-icon-box-title\">\n\t\t\t\t\t\t<span  >\n\t\t\t\t\t\t\tValores\t\t\t\t\t\t<\/span>\n\t\t\t\t\t<\/h3>\n\t\t\t\t\n\t\t\t\t\t\t\t\t\t<p class=\"elementor-icon-box-description\">\n\t\t\t\t\t\tPaix\u00e3o pela excel\u00eancia, o compromisso com a qualidade e a colabora\u00e7\u00e3o com nossos clientes como parceiros. Valorizamos a honestidade, a integridade e a busca constante pelo aprimoramento, mantendo um foco inabal\u00e1vel na satisfa\u00e7\u00e3o do cliente em todos os projetos que realizamos.\t\t\t\t\t<\/p>\n\t\t\t\t\n\t\t\t<\/div>\n\t\t\t\n\t\t<\/div>\n\t\t\t\t\t\t<\/div>\n\t\t\t\t<\/div>\n\t\t\t\t<\/div>\n\t\t\t\t\t<\/div>\n\t\t\t\t<\/div>\n\t\t\t\t<\/div>\n\t\t","protected":false},"excerpt":{"rendered":"<p>Home \/ Sobre N\u00f3s Bem-vindo \u00e0 Impacto Art, onde o compromisso encontra a precis\u00e3o. A nossa jornada na Impacto Art come\u00e7ou h\u00e1 mais de uma d\u00e9cada, e desde ent\u00e3o, temos trilhado um caminho de comprometimento inabal\u00e1vel com a excel\u00eancia e a inova\u00e7\u00e3o no campo da comunica\u00e7\u00e3o visual. A nossa hist\u00f3ria \u00e9 uma hist\u00f3ria de paix\u00e3o&hellip;&nbsp;<a href=\"https:\/\/impactoart.com.br\/index.php\/sobre-nos\/\" rel=\"bookmark\"><span class=\"screen-reader-text\">Sobre N\u00f3s<\/span><\/a><\/p>\n","protected":false},"author":1,"featured_media":0,"parent":0,"menu_order":0,"comment_status":"closed","ping_status":"closed","template":"page-templates\/template-pagebuilder-full-width.php","meta":{"neve_meta_sidebar":"","neve_meta_container":"","neve_meta_enable_content_width":"","neve_meta_content_width":0,"neve_meta_title_alignment":"","neve_meta_author_avatar":"","neve_post_elements_order":"","neve_meta_disable_header":"","neve_meta_disable_footer":"","neve_meta_disable_title":"","_joinchat":[],"footnotes":""},"class_list":["post-161","page","type-page","status-publish","hentry"],"_links":{"self":[{"href":"https:\/\/impactoart.com.br\/index.php\/wp-json\/wp\/v2\/pages\/161","targetHints":{"allow":["GET"]}}],"collection":[{"href":"https:\/\/impactoart.com.br\/index.php\/wp-json\/wp\/v2\/pages"}],"about":[{"href":"https:\/\/impactoart.com.br\/index.php\/wp-json\/wp\/v2\/types\/page"}],"author":[{"embeddable":true,"href":"https:\/\/impactoart.com.br\/index.php\/wp-json\/wp\/v2\/users\/1"}],"replies":[{"embeddable":true,"href":"https:\/\/impactoart.com.br\/index.php\/wp-json\/wp\/v2\/comments?post=161"}],"version-history":[{"count":16,"href":"https:\/\/impactoart.com.br\/index.php\/wp-json\/wp\/v2\/pages\/161\/revisions"}],"predecessor-version":[{"id":191,"href":"https:\/\/impactoart.com.br\/index.php\/wp-json\/wp\/v2\/pages\/161\/revisions\/191"}],"wp:attachment":[{"href":"https:\/\/impactoart.com.br\/index.php\/wp-json\/wp\/v2\/media?parent=161"}],"curies":[{"name":"wp","href":"https:\/\/api.w.org\/{rel}","templated":true}]}}